{"id":82,"date":"2018-07-16T10:31:02","date_gmt":"2018-07-16T10:31:02","guid":{"rendered":"http:\/\/demo.acmethemes.com\/lawyer-zone\/?page_id=82"},"modified":"2018-08-13T10:02:45","modified_gmt":"2018-08-13T10:02:45","slug":"arbeitsrecht-organisation","status":"publish","type":"page","link":"https:\/\/www.ra-siegel.de\/en\/arbeitsrecht-organisation\/","title":{"rendered":"Labor Law & Organization"},"content":{"rendered":"<p>In special cases, we access a network of numerous lawyers, tax advisers and business consultants. In this way, a comprehensive one-stop care is guaranteed to avoid litigation. The same applies to labor law and organizational conflicts within companies and public authorities.<\/p>","protected":false},"excerpt":{"rendered":"<p>In besonderen F\u00e4llen greifen wir auf ein Netzwerk von zahlreichen Rechtsanw\u00e4lten, Steuerberatern und Wirtschaftsberatern zu. Auf diese Weise ist eine umfassende Betreuung aus einer Hand gew\u00e4hrleistet um Rechtsstreitigkeiten zu vermeiden. [&hellip;]<\/p>","protected":false},"author":1,"featured_media":0,"parent":0,"menu_order":0,"comment_status":"closed","ping_status":"closed","template":"","meta":{"footnotes":""},"class_list":["post-82","page","type-page","status-publish","hentry"],"_links":{"self":[{"href":"https:\/\/www.ra-siegel.de\/en\/wp-json\/wp\/v2\/pages\/82","targetHints":{"allow":["GET"]}}],"collection":[{"href":"https:\/\/www.ra-siegel.de\/en\/wp-json\/wp\/v2\/pages"}],"about":[{"href":"https:\/\/www.ra-siegel.de\/en\/wp-json\/wp\/v2\/types\/page"}],"author":[{"embeddable":true,"href":"https:\/\/www.ra-siegel.de\/en\/wp-json\/wp\/v2\/users\/1"}],"replies":[{"embeddable":true,"href":"https:\/\/www.ra-siegel.de\/en\/wp-json\/wp\/v2\/comments?post=82"}],"version-history":[{"count":0,"href":"https:\/\/www.ra-siegel.de\/en\/wp-json\/wp\/v2\/pages\/82\/revisions"}],"wp:attachment":[{"href":"https:\/\/www.ra-siegel.de\/en\/wp-json\/wp\/v2\/media?parent=82"}],"curies":[{"name":"wp","href":"https:\/\/api.w.org\/{rel}","templated":true}]}}