{"id":48,"date":"2018-07-16T10:14:33","date_gmt":"2018-07-16T10:14:33","guid":{"rendered":"http:\/\/demo.acmethemes.com\/lawyer-zone\/?page_id=48"},"modified":"2025-05-19T11:30:16","modified_gmt":"2025-05-19T11:30:16","slug":"familienrecht","status":"publish","type":"page","link":"https:\/\/www.ra-siegel.de\/en\/familienrecht\/","title":{"rendered":"Family Law"},"content":{"rendered":"<p>Volker Siegel is lawyer and practices especially in family law. He is a guardian for children (Verfahrensbeistand) as well <strong><a href=\"https:\/\/www.ra-siegel.de\/verfahrensbeistand\/\"><\/a><\/strong>.<\/p>\n<p>Family law is related to all kinds of conflicts of persons living together or separate. Conflicts can be solved by court or outside of course, typically by mediation or systemic consulting.<\/p>\n<p><img loading=\"lazy\" decoding=\"async\" class=\"alignleft size-full wp-image-20905\" src=\"https:\/\/www.ra-siegel.de\/wp-content\/uploads\/family-4787015_1280.jpg\" alt=\"\" width=\"1280\" height=\"853\" srcset=\"https:\/\/www.ra-siegel.de\/wp-content\/uploads\/family-4787015_1280.jpg 1280w, https:\/\/www.ra-siegel.de\/wp-content\/uploads\/family-4787015_1280-768x512.jpg 768w\" sizes=\"auto, (max-width: 1280px) 100vw, 1280px\" \/><\/p>\n<p>Volker Siegel will help you in your specific problem at court or outside of court. Volker Siegel has a degree in Mediation and Systemic consulting if needed.<\/p>\n<p><\/p>\n<p>He can help you in the following parts of familiy law: <strong><\/strong> <\/p>\n<ul>\n<li>Divorce or separation<\/li>\n<li>Right of access to children<\/li>\n<li>Questions of pay alimony (Unterhalt)<\/li>\n<li>Child custody and Custody rights<\/li>\n<li>Settlement of assets<\/li>\n<\/ul>","protected":false},"excerpt":{"rendered":"<p>Volker Siegel ist Anwalt mit Schwerpunkt Familienrecht und Verfahrensbeistand. Familenrecht ist immer da wichtig, wo Menschen zusammenleben. \u00dcberall wo Menschen zusammen leben, gibt es Konflikte. Wenn diese \u00fcberhand nehmen, k\u00f6nnen [&hellip;]<\/p>","protected":false},"author":1,"featured_media":0,"parent":0,"menu_order":0,"comment_status":"closed","ping_status":"closed","template":"","meta":{"footnotes":""},"class_list":["post-48","page","type-page","status-publish","hentry"],"_links":{"self":[{"href":"https:\/\/www.ra-siegel.de\/en\/wp-json\/wp\/v2\/pages\/48","targetHints":{"allow":["GET"]}}],"collection":[{"href":"https:\/\/www.ra-siegel.de\/en\/wp-json\/wp\/v2\/pages"}],"about":[{"href":"https:\/\/www.ra-siegel.de\/en\/wp-json\/wp\/v2\/types\/page"}],"author":[{"embeddable":true,"href":"https:\/\/www.ra-siegel.de\/en\/wp-json\/wp\/v2\/users\/1"}],"replies":[{"embeddable":true,"href":"https:\/\/www.ra-siegel.de\/en\/wp-json\/wp\/v2\/comments?post=48"}],"version-history":[{"count":3,"href":"https:\/\/www.ra-siegel.de\/en\/wp-json\/wp\/v2\/pages\/48\/revisions"}],"predecessor-version":[{"id":20906,"href":"https:\/\/www.ra-siegel.de\/en\/wp-json\/wp\/v2\/pages\/48\/revisions\/20906"}],"wp:attachment":[{"href":"https:\/\/www.ra-siegel.de\/en\/wp-json\/wp\/v2\/media?parent=48"}],"curies":[{"name":"wp","href":"https:\/\/api.w.org\/{rel}","templated":true}]}}