{"id":437,"date":"2018-08-14T09:43:19","date_gmt":"2018-08-14T09:43:19","guid":{"rendered":"http:\/\/neu.ra-siegel.de\/?page_id=437"},"modified":"2019-02-08T10:21:10","modified_gmt":"2019-02-08T10:21:10","slug":"vertragsrecht","status":"publish","type":"page","link":"https:\/\/www.ra-siegel.de\/en\/vertragsrecht\/","title":{"rendered":"Contract law"},"content":{"rendered":"<p>Contracts are concluded in all circumstances. Companies develop extensive terms and conditions and framework contracts. Individual agreements overlay these. The law office helps you to make contracts legally secure and supports you in difficult contract negotiations.<\/p>\n<p>Another focus is the dispute in civil disputes: What is in the contract and what rights (and obligations) result from it.<\/p>","protected":false},"excerpt":{"rendered":"<p>Vertr\u00e4ge werden in allen Lebenslagen abgeschlossen. Firmen entwickeln umfangreiche AGB und Rahmenvertr\u00e4ge. Einzelvereinbarungen \u00fcberlagern diese. Die Kanzlei hilft Ihnen, Vertr\u00e4ge rechtssicher zu gestalten und unterst\u00fctzt Sie bei schwierigen Vertragsverhandlungen. Ein [&hellip;]<\/p>","protected":false},"author":1,"featured_media":0,"parent":0,"menu_order":0,"comment_status":"closed","ping_status":"closed","template":"","meta":{"footnotes":""},"class_list":["post-437","page","type-page","status-publish","hentry"],"_links":{"self":[{"href":"https:\/\/www.ra-siegel.de\/en\/wp-json\/wp\/v2\/pages\/437","targetHints":{"allow":["GET"]}}],"collection":[{"href":"https:\/\/www.ra-siegel.de\/en\/wp-json\/wp\/v2\/pages"}],"about":[{"href":"https:\/\/www.ra-siegel.de\/en\/wp-json\/wp\/v2\/types\/page"}],"author":[{"embeddable":true,"href":"https:\/\/www.ra-siegel.de\/en\/wp-json\/wp\/v2\/users\/1"}],"replies":[{"embeddable":true,"href":"https:\/\/www.ra-siegel.de\/en\/wp-json\/wp\/v2\/comments?post=437"}],"version-history":[{"count":0,"href":"https:\/\/www.ra-siegel.de\/en\/wp-json\/wp\/v2\/pages\/437\/revisions"}],"wp:attachment":[{"href":"https:\/\/www.ra-siegel.de\/en\/wp-json\/wp\/v2\/media?parent=437"}],"curies":[{"name":"wp","href":"https:\/\/api.w.org\/{rel}","templated":true}]}}