{"id":40,"date":"2018-07-16T10:10:50","date_gmt":"2018-07-16T10:10:50","guid":{"rendered":"http:\/\/demo.acmethemes.com\/lawyer-zone\/?page_id=40"},"modified":"2018-08-13T13:42:01","modified_gmt":"2018-08-13T13:42:01","slug":"buchhaltung","status":"publish","type":"page","link":"https:\/\/www.ra-siegel.de\/en\/buchhaltung\/","title":{"rendered":"Accounting & Tax Law"},"content":{"rendered":"<div class=\"catInfo span8\">\n<p>The Law Office operates as firm for accounting and all kinds of taxation declarations. Especially English speaking clients are welcome. I am lawyer and accountant. I practioned in several English speaking company\u2019 s finance department. \n<\/br><\/br>\nSame is for individuals: about 30 Percent of my private taxation clients are English speaking clients of several nations.<\/p>\n<p><\/p>\n<\/div>","protected":false},"excerpt":{"rendered":"<p>Kleine und mittelst\u00e4ndische Unternehmen k\u00f6nnen \u00fcber die Kanzlei Volker Siegel ihre Buchhaltung auslagern. Volker Siegel ist Bilanzbuchhalter und hatte selbst die Buchhaltung und das Controlling eines Unternehmens als Bilanzbuchhalter verantwortet. [&hellip;]<\/p>","protected":false},"author":1,"featured_media":0,"parent":0,"menu_order":0,"comment_status":"closed","ping_status":"closed","template":"","meta":{"footnotes":""},"class_list":["post-40","page","type-page","status-publish","hentry"],"_links":{"self":[{"href":"https:\/\/www.ra-siegel.de\/en\/wp-json\/wp\/v2\/pages\/40","targetHints":{"allow":["GET"]}}],"collection":[{"href":"https:\/\/www.ra-siegel.de\/en\/wp-json\/wp\/v2\/pages"}],"about":[{"href":"https:\/\/www.ra-siegel.de\/en\/wp-json\/wp\/v2\/types\/page"}],"author":[{"embeddable":true,"href":"https:\/\/www.ra-siegel.de\/en\/wp-json\/wp\/v2\/users\/1"}],"replies":[{"embeddable":true,"href":"https:\/\/www.ra-siegel.de\/en\/wp-json\/wp\/v2\/comments?post=40"}],"version-history":[{"count":0,"href":"https:\/\/www.ra-siegel.de\/en\/wp-json\/wp\/v2\/pages\/40\/revisions"}],"wp:attachment":[{"href":"https:\/\/www.ra-siegel.de\/en\/wp-json\/wp\/v2\/media?parent=40"}],"curies":[{"name":"wp","href":"https:\/\/api.w.org\/{rel}","templated":true}]}}