{"id":20883,"date":"2025-05-19T10:26:21","date_gmt":"2025-05-19T10:26:21","guid":{"rendered":"https:\/\/www.ra-siegel.de\/?page_id=20883"},"modified":"2025-05-20T09:50:40","modified_gmt":"2025-05-20T09:50:40","slug":"verfahrensbeistand","status":"publish","type":"page","link":"https:\/\/www.ra-siegel.de\/en\/verfahrensbeistand\/","title":{"rendered":""},"content":{"rendered":"<p>Verfahrensbeist\u00e4nde werden in jeder gerichtlichen Auseinandersetzung, bei der Kinder involviert sind, hinzugezogen. Sie werden von den einzelnen Richtern ausgew\u00e4hlt und bestimmt.<\/p>\n<p>Verfahrensbeist\u00e4nde sind ausschlie\u00dflich am Kindeswohl orientiert. Sie unterst\u00fctzen den Kindeswille und das Kindeswohl. In Streitigkeiten vor Gericht kommen die Streitparteien (meist Eltern oder Sorgeberechtigte) in aller Regel an ihre eigenen psychischen und finanziellen Grenzen. Sie vergessen dabei h\u00e4ufig, dass ihre Handlungen den gemeinsamen Kindern massiv schaden. Sie k\u00f6nnen sich h\u00e4ufig nicht mehr vorstellen, dass ihre Expartner f\u00fcr die Kinder wertvoll und wichtig sind.<\/p>\n<p>Verfahrensbeist\u00e4nde sollen dieses Defizit auffangen. Sie sollen den Kindern eine Stimme geben. Sie sollen darauf hinwirken, dass Kinder wieder gesehen werden und beide Streitparteien m\u00f6glichst gute L\u00f6sungen finden.<\/p>\n<p><strong>Volker Siegel wurde im Juli 2024 vom Verein Anwalt des Kindes e.V. (ADK) zertifiziert.<\/strong> Er versteht sich als engagierter Unterst\u00fctzer f\u00fcr Kinder. Auch als Vertreter in familienrechtlichen Auseinandersetzungen beh\u00e4lt er Kinder nicht aus den Augen.<\/p>\n<p>Mit dieser Zertifizierung kann Volker Siegel insbesondere als Verfahrensbeistand und Umgangspfleger bestellt werden und begleitete Umg\u00e4nge durchf\u00fchren.<\/p>","protected":false},"excerpt":{"rendered":"<p>Verfahrensbeist\u00e4nde werden in jeder gerichtlichen Auseinandersetzung, bei der Kinder involviert sind, hinzugezogen. Sie werden von den einzelnen Richtern ausgew\u00e4hlt und bestimmt. Verfahrensbeist\u00e4nde sind ausschlie\u00dflich am Kindeswohl orientiert. Sie unterst\u00fctzen den [&hellip;]<\/p>","protected":false},"author":1,"featured_media":0,"parent":0,"menu_order":0,"comment_status":"closed","ping_status":"closed","template":"","meta":{"footnotes":""},"class_list":["post-20883","page","type-page","status-publish","hentry"],"_links":{"self":[{"href":"https:\/\/www.ra-siegel.de\/en\/wp-json\/wp\/v2\/pages\/20883","targetHints":{"allow":["GET"]}}],"collection":[{"href":"https:\/\/www.ra-siegel.de\/en\/wp-json\/wp\/v2\/pages"}],"about":[{"href":"https:\/\/www.ra-siegel.de\/en\/wp-json\/wp\/v2\/types\/page"}],"author":[{"embeddable":true,"href":"https:\/\/www.ra-siegel.de\/en\/wp-json\/wp\/v2\/users\/1"}],"replies":[{"embeddable":true,"href":"https:\/\/www.ra-siegel.de\/en\/wp-json\/wp\/v2\/comments?post=20883"}],"version-history":[{"count":2,"href":"https:\/\/www.ra-siegel.de\/en\/wp-json\/wp\/v2\/pages\/20883\/revisions"}],"predecessor-version":[{"id":20913,"href":"https:\/\/www.ra-siegel.de\/en\/wp-json\/wp\/v2\/pages\/20883\/revisions\/20913"}],"wp:attachment":[{"href":"https:\/\/www.ra-siegel.de\/en\/wp-json\/wp\/v2\/media?parent=20883"}],"curies":[{"name":"wp","href":"https:\/\/api.w.org\/{rel}","templated":true}]}}