{"id":91,"date":"2018-07-16T10:35:04","date_gmt":"2018-07-16T10:35:04","guid":{"rendered":"http:\/\/demo.acmethemes.com\/lawyer-zone\/?page_id=91"},"modified":"2018-08-13T12:26:57","modified_gmt":"2018-08-13T12:26:57","slug":"mandant-verkehrsrecht-2","status":"publish","type":"page","link":"https:\/\/www.ra-siegel.de\/de_de\/mandant-verkehrsrecht-2\/","title":{"rendered":"Mandant | Verkehrsrecht"},"content":{"rendered":"<p>Wir sind eine Spedition. Herr Siegel schafft es regelm\u00e4\u00dfig, unseren Fahrern die Bu\u00dfgelder zu mindern und Fahrverbote zu verhindern.<\/p>\n","protected":false},"excerpt":{"rendered":"<p>Wir sind eine Spedition. Herr Siegel schafft es regelm\u00e4\u00dfig, unseren Fahrern die Bu\u00dfgelder zu mindern und Fahrverbote zu verhindern.<\/p>\n","protected":false},"author":1,"featured_media":0,"parent":0,"menu_order":0,"comment_status":"closed","ping_status":"closed","template":"","meta":{"footnotes":""},"class_list":["post-91","page","type-page","status-publish","hentry"],"_links":{"self":[{"href":"https:\/\/www.ra-siegel.de\/de_de\/wp-json\/wp\/v2\/pages\/91","targetHints":{"allow":["GET"]}}],"collection":[{"href":"https:\/\/www.ra-siegel.de\/de_de\/wp-json\/wp\/v2\/pages"}],"about":[{"href":"https:\/\/www.ra-siegel.de\/de_de\/wp-json\/wp\/v2\/types\/page"}],"author":[{"embeddable":true,"href":"https:\/\/www.ra-siegel.de\/de_de\/wp-json\/wp\/v2\/users\/1"}],"replies":[{"embeddable":true,"href":"https:\/\/www.ra-siegel.de\/de_de\/wp-json\/wp\/v2\/comments?post=91"}],"version-history":[{"count":0,"href":"https:\/\/www.ra-siegel.de\/de_de\/wp-json\/wp\/v2\/pages\/91\/revisions"}],"wp:attachment":[{"href":"https:\/\/www.ra-siegel.de\/de_de\/wp-json\/wp\/v2\/media?parent=91"}],"curies":[{"name":"wp","href":"https:\/\/api.w.org\/{rel}","templated":true}]}}