{"id":78,"date":"2018-07-16T10:30:37","date_gmt":"2018-07-16T10:30:37","guid":{"rendered":"http:\/\/demo.acmethemes.com\/lawyer-zone\/?page_id=78"},"modified":"2018-08-13T10:02:13","modified_gmt":"2018-08-13T10:02:13","slug":"steuern-bilanzen","status":"publish","type":"page","link":"https:\/\/www.ra-siegel.de\/de_de\/steuern-bilanzen\/","title":{"rendered":"Steuern &#038; Bilanzen"},"content":{"rendered":"<p>Steuerlich begleiten wir Privatpersonen bei ihren Lohnsteuererkl\u00e4rungen etc. Ein besonderes Augenmerk legen wir auf die Steuergestaltung bei Nachfolgeregelungen hinsichtlich Schenkungs- und Erbschaftssteuer. Bei Unternehmen \u00fcbernehmen wir die laufende Buchf\u00fchrung und die Abgabe der relevanten Steuererkl\u00e4rungen (KSt, GewSt, USt. etc.). Ein weiterer Schwerpunkt ist in diesen F\u00e4llen die Begleitung bei Betriebspr\u00fcfungen<\/p>\n","protected":false},"excerpt":{"rendered":"<p>Steuerlich begleiten wir Privatpersonen bei ihren Lohnsteuererkl\u00e4rungen etc. Ein besonderes Augenmerk legen wir auf die Steuergestaltung bei Nachfolgeregelungen hinsichtlich Schenkungs- und Erbschaftssteuer. Bei Unternehmen \u00fcbernehmen wir die laufende Buchf\u00fchrung und [&hellip;]<\/p>\n","protected":false},"author":1,"featured_media":0,"parent":0,"menu_order":0,"comment_status":"closed","ping_status":"closed","template":"","meta":{"footnotes":""},"class_list":["post-78","page","type-page","status-publish","hentry"],"_links":{"self":[{"href":"https:\/\/www.ra-siegel.de\/de_de\/wp-json\/wp\/v2\/pages\/78","targetHints":{"allow":["GET"]}}],"collection":[{"href":"https:\/\/www.ra-siegel.de\/de_de\/wp-json\/wp\/v2\/pages"}],"about":[{"href":"https:\/\/www.ra-siegel.de\/de_de\/wp-json\/wp\/v2\/types\/page"}],"author":[{"embeddable":true,"href":"https:\/\/www.ra-siegel.de\/de_de\/wp-json\/wp\/v2\/users\/1"}],"replies":[{"embeddable":true,"href":"https:\/\/www.ra-siegel.de\/de_de\/wp-json\/wp\/v2\/comments?post=78"}],"version-history":[{"count":0,"href":"https:\/\/www.ra-siegel.de\/de_de\/wp-json\/wp\/v2\/pages\/78\/revisions"}],"wp:attachment":[{"href":"https:\/\/www.ra-siegel.de\/de_de\/wp-json\/wp\/v2\/media?parent=78"}],"curies":[{"name":"wp","href":"https:\/\/api.w.org\/{rel}","templated":true}]}}