{"id":76,"date":"2018-07-16T10:30:25","date_gmt":"2018-07-16T10:30:25","guid":{"rendered":"http:\/\/demo.acmethemes.com\/lawyer-zone\/?page_id=76"},"modified":"2018-08-13T10:01:39","modified_gmt":"2018-08-13T10:01:39","slug":"rechtliche-betreuung-mediation","status":"publish","type":"page","link":"https:\/\/www.ra-siegel.de\/de_de\/rechtliche-betreuung-mediation\/","title":{"rendered":"Rechtliche Betreuung &#038; Mediation"},"content":{"rendered":"<p>Rechtlich steht die au\u00dfergerichtliche Einigung und L\u00f6sung von Konflikten im Vordergrund. Dies gelingt auch in vielen F\u00e4llen. Der Vorteil besteht dabei darin, dass gewachsene Kunden- und Mandantenbeziehungen meistens nicht zerst\u00f6rt werden.<\/p>\n","protected":false},"excerpt":{"rendered":"<p>Rechtlich steht die au\u00dfergerichtliche Einigung und L\u00f6sung von Konflikten im Vordergrund. Dies gelingt auch in vielen F\u00e4llen. Der Vorteil besteht dabei darin, dass gewachsene Kunden- und Mandantenbeziehungen meistens nicht zerst\u00f6rt [&hellip;]<\/p>\n","protected":false},"author":1,"featured_media":0,"parent":0,"menu_order":0,"comment_status":"closed","ping_status":"closed","template":"","meta":{"footnotes":""},"class_list":["post-76","page","type-page","status-publish","hentry"],"_links":{"self":[{"href":"https:\/\/www.ra-siegel.de\/de_de\/wp-json\/wp\/v2\/pages\/76","targetHints":{"allow":["GET"]}}],"collection":[{"href":"https:\/\/www.ra-siegel.de\/de_de\/wp-json\/wp\/v2\/pages"}],"about":[{"href":"https:\/\/www.ra-siegel.de\/de_de\/wp-json\/wp\/v2\/types\/page"}],"author":[{"embeddable":true,"href":"https:\/\/www.ra-siegel.de\/de_de\/wp-json\/wp\/v2\/users\/1"}],"replies":[{"embeddable":true,"href":"https:\/\/www.ra-siegel.de\/de_de\/wp-json\/wp\/v2\/comments?post=76"}],"version-history":[{"count":0,"href":"https:\/\/www.ra-siegel.de\/de_de\/wp-json\/wp\/v2\/pages\/76\/revisions"}],"wp:attachment":[{"href":"https:\/\/www.ra-siegel.de\/de_de\/wp-json\/wp\/v2\/media?parent=76"}],"curies":[{"name":"wp","href":"https:\/\/api.w.org\/{rel}","templated":true}]}}