{"id":48,"date":"2018-07-16T10:14:33","date_gmt":"2018-07-16T10:14:33","guid":{"rendered":"http:\/\/demo.acmethemes.com\/lawyer-zone\/?page_id=48"},"modified":"2025-05-19T11:30:16","modified_gmt":"2025-05-19T11:30:16","slug":"familienrecht","status":"publish","type":"page","link":"https:\/\/www.ra-siegel.de\/de_de\/familienrecht\/","title":{"rendered":"Familienrecht &#038; T\u00e4tigkeit als Verfahrensbeistand"},"content":{"rendered":"<p>Volker Siegel ist Anwalt mit Schwerpunkt Familienrecht und <strong><a href=\"https:\/\/www.ra-siegel.de\/verfahrensbeistand\/\">Verfahrensbeistand<\/a><\/strong>.<\/p>\n<p>Familenrecht ist immer da wichtig, wo Menschen zusammenleben. \u00dcberall wo Menschen zusammen leben, gibt es Konflikte. Wenn diese \u00fcberhand nehmen, k\u00f6nnen diese gerichtlich oder au\u00dfergerichtlich gel\u00f6st werden.<\/p>\n<p><img loading=\"lazy\" decoding=\"async\" class=\"alignleft size-full wp-image-20905\" src=\"https:\/\/www.ra-siegel.de\/wp-content\/uploads\/family-4787015_1280.jpg\" alt=\"\" width=\"1280\" height=\"853\" srcset=\"https:\/\/www.ra-siegel.de\/wp-content\/uploads\/family-4787015_1280.jpg 1280w, https:\/\/www.ra-siegel.de\/wp-content\/uploads\/family-4787015_1280-768x512.jpg 768w\" sizes=\"auto, (max-width: 1280px) 100vw, 1280px\" \/><\/p>\n<p>L\u00f6sungsm\u00f6glichkeiten sind Gerichtliche Auseinandersetzung, Mediation und Systemische Beratung. Volker Siegel unterst\u00fctzt sie engagiert und konsequent bei Gerichtsverfahren, Mediation und in systemischer Beratung.<\/p>\n<p>Besonders liegt dabei auch der Blick auf eventuelle im Familiensystem befindliche Kinder. Insoweit ist Volker Siegel auch seit 2024 als Verfahrensbeistand durch den Verein Anwalt des Kindes e.V., M\u00fcnchen (ADK) zertifiziert.<\/p>\n<p>Sie werden insbesondere in <strong>folgenden Bereichen<\/strong> begleitet:<\/p>\n<ul>\n<li>Trennung und Scheidung<\/li>\n<li>Umgangsregelungen<\/li>\n<li>Alle Fragen rund um Unterhalt vor und nach und w\u00e4hrend der Trennung<\/li>\n<li>Sorgerechtsstreitigkeiten<\/li>\n<li>Verm\u00f6gensauseinandersetzung<\/li>\n<\/ul>\n","protected":false},"excerpt":{"rendered":"<p>Volker Siegel ist Anwalt mit Schwerpunkt Familienrecht und Verfahrensbeistand. Familenrecht ist immer da wichtig, wo Menschen zusammenleben. \u00dcberall wo Menschen zusammen leben, gibt es Konflikte. Wenn diese \u00fcberhand nehmen, k\u00f6nnen [&hellip;]<\/p>\n","protected":false},"author":1,"featured_media":0,"parent":0,"menu_order":0,"comment_status":"closed","ping_status":"closed","template":"","meta":{"footnotes":""},"class_list":["post-48","page","type-page","status-publish","hentry"],"_links":{"self":[{"href":"https:\/\/www.ra-siegel.de\/de_de\/wp-json\/wp\/v2\/pages\/48","targetHints":{"allow":["GET"]}}],"collection":[{"href":"https:\/\/www.ra-siegel.de\/de_de\/wp-json\/wp\/v2\/pages"}],"about":[{"href":"https:\/\/www.ra-siegel.de\/de_de\/wp-json\/wp\/v2\/types\/page"}],"author":[{"embeddable":true,"href":"https:\/\/www.ra-siegel.de\/de_de\/wp-json\/wp\/v2\/users\/1"}],"replies":[{"embeddable":true,"href":"https:\/\/www.ra-siegel.de\/de_de\/wp-json\/wp\/v2\/comments?post=48"}],"version-history":[{"count":3,"href":"https:\/\/www.ra-siegel.de\/de_de\/wp-json\/wp\/v2\/pages\/48\/revisions"}],"predecessor-version":[{"id":20906,"href":"https:\/\/www.ra-siegel.de\/de_de\/wp-json\/wp\/v2\/pages\/48\/revisions\/20906"}],"wp:attachment":[{"href":"https:\/\/www.ra-siegel.de\/de_de\/wp-json\/wp\/v2\/media?parent=48"}],"curies":[{"name":"wp","href":"https:\/\/api.w.org\/{rel}","templated":true}]}}