{"id":46,"date":"2018-07-16T10:14:10","date_gmt":"2018-07-16T10:14:10","guid":{"rendered":"http:\/\/demo.acmethemes.com\/lawyer-zone\/?page_id=46"},"modified":"2018-08-14T09:54:54","modified_gmt":"2018-08-14T09:54:54","slug":"anwalt-strafrecht-muenchen","status":"publish","type":"page","link":"https:\/\/www.ra-siegel.de\/de_de\/anwalt-strafrecht-muenchen\/","title":{"rendered":"Strafrecht"},"content":{"rendered":"<p>Im Strafrecht und bei Bu\u00dfgeldverfahren kommt es vor allem auf einen umgehenden Kontakt mit dem Rechtsanwalt an:<\/p>\n<p>Fristen sind h\u00e4ufig sehr kurz: Wenn ein Bu\u00dfgeldbescheid oder Strafbefehl ins Haus flattert, haben Sie genau vierzehn Tage Zeit um Einspruch einzulegen, und zwar gerechnet ab dem Tag, an dem dieser im Briefkasten abgegeben wurde. Waren Sie im Urlaub und die Frist ist schon abgelaufen, gibt es eventuell noch Rechtsmittel. Gegen Urteile kann man nur innert sieben Tagen ab Verk\u00fcndung Berufung oder Revision einlegen.<\/p>\n<p>Entscheidend ist daher zun\u00e4chst die Einsch\u00e4tzung, ob sich Einspruch oder Berufung oder Revision sinnvoll sind. So kann ein Bu\u00dfgeldbescheid oder ein Urteil mild ausfallen. Sollten Rechtsmittel eingelegt werden, muss dies z\u00fcgig erfolgen.<\/p>\n<h2>Beitr\u00e4ge<\/h2>\n<div class=\"post hentry ivycat-post\"><span class=\"pip-not-found\"><\/span><\/div>\n","protected":false},"excerpt":{"rendered":"<p>Im Strafrecht und bei Bu\u00dfgeldverfahren kommt es vor allem auf einen umgehenden Kontakt mit dem Rechtsanwalt an: Fristen sind h\u00e4ufig sehr kurz: Wenn ein Bu\u00dfgeldbescheid oder Strafbefehl ins Haus flattert, [&hellip;]<\/p>\n","protected":false},"author":1,"featured_media":0,"parent":0,"menu_order":0,"comment_status":"closed","ping_status":"closed","template":"","meta":{"footnotes":""},"class_list":["post-46","page","type-page","status-publish","hentry"],"_links":{"self":[{"href":"https:\/\/www.ra-siegel.de\/de_de\/wp-json\/wp\/v2\/pages\/46","targetHints":{"allow":["GET"]}}],"collection":[{"href":"https:\/\/www.ra-siegel.de\/de_de\/wp-json\/wp\/v2\/pages"}],"about":[{"href":"https:\/\/www.ra-siegel.de\/de_de\/wp-json\/wp\/v2\/types\/page"}],"author":[{"embeddable":true,"href":"https:\/\/www.ra-siegel.de\/de_de\/wp-json\/wp\/v2\/users\/1"}],"replies":[{"embeddable":true,"href":"https:\/\/www.ra-siegel.de\/de_de\/wp-json\/wp\/v2\/comments?post=46"}],"version-history":[{"count":0,"href":"https:\/\/www.ra-siegel.de\/de_de\/wp-json\/wp\/v2\/pages\/46\/revisions"}],"wp:attachment":[{"href":"https:\/\/www.ra-siegel.de\/de_de\/wp-json\/wp\/v2\/media?parent=46"}],"curies":[{"name":"wp","href":"https:\/\/api.w.org\/{rel}","templated":true}]}}