{"id":44,"date":"2018-07-16T10:13:17","date_gmt":"2018-07-16T10:13:17","guid":{"rendered":"http:\/\/demo.acmethemes.com\/lawyer-zone\/?page_id=44"},"modified":"2025-05-19T13:04:11","modified_gmt":"2025-05-19T13:04:11","slug":"mediation","status":"publish","type":"page","link":"https:\/\/www.ra-siegel.de\/de_de\/mediation\/","title":{"rendered":"Mediation"},"content":{"rendered":"<p>Rechtliche Auseinandersetzungen f\u00fchren h\u00e4ufig dazu, dass Gesch\u00e4ftsbeziehungen zerbrechen oder dauerhafte Feindschaften entstehen. Mediationsverfahren dienen dazu, f\u00fcr alle Seiten eine optimale und sinnvolle L\u00f6sung von Konflikten zu finden. Mediationsverfahren sind am Bed\u00fcrfnis der Streitparteien orientiert.<\/p>\n<p>Das Optimum sind Win-win L\u00f6sungen. In aller Regel werden zumindest f\u00fcr alle Seiten gesichtswahrende und wirtschaftlich sinnvolle L\u00f6sungen erreicht. Besonders bei langfristigen Gesch\u00e4ftsbeziehungen oder bei Konflikten am Arbeitsplatz haben sich Mediationsverfahren immer wieder bew\u00e4hrt.<\/p>\n","protected":false},"excerpt":{"rendered":"<p>Rechtliche Auseinandersetzungen f\u00fchren h\u00e4ufig dazu, dass Gesch\u00e4ftsbeziehungen zerbrechen oder dauerhafte Feindschaften entstehen. Mediationsverfahren dienen dazu, f\u00fcr alle Seiten eine optimale und sinnvolle L\u00f6sung von Konflikten zu finden. Mediationsverfahren sind am [&hellip;]<\/p>\n","protected":false},"author":1,"featured_media":0,"parent":0,"menu_order":0,"comment_status":"closed","ping_status":"closed","template":"","meta":{"footnotes":""},"class_list":["post-44","page","type-page","status-publish","hentry"],"_links":{"self":[{"href":"https:\/\/www.ra-siegel.de\/de_de\/wp-json\/wp\/v2\/pages\/44","targetHints":{"allow":["GET"]}}],"collection":[{"href":"https:\/\/www.ra-siegel.de\/de_de\/wp-json\/wp\/v2\/pages"}],"about":[{"href":"https:\/\/www.ra-siegel.de\/de_de\/wp-json\/wp\/v2\/types\/page"}],"author":[{"embeddable":true,"href":"https:\/\/www.ra-siegel.de\/de_de\/wp-json\/wp\/v2\/users\/1"}],"replies":[{"embeddable":true,"href":"https:\/\/www.ra-siegel.de\/de_de\/wp-json\/wp\/v2\/comments?post=44"}],"version-history":[{"count":2,"href":"https:\/\/www.ra-siegel.de\/de_de\/wp-json\/wp\/v2\/pages\/44\/revisions"}],"predecessor-version":[{"id":20912,"href":"https:\/\/www.ra-siegel.de\/de_de\/wp-json\/wp\/v2\/pages\/44\/revisions\/20912"}],"wp:attachment":[{"href":"https:\/\/www.ra-siegel.de\/de_de\/wp-json\/wp\/v2\/media?parent=44"}],"curies":[{"name":"wp","href":"https:\/\/api.w.org\/{rel}","templated":true}]}}