{"id":40,"date":"2018-07-16T10:10:50","date_gmt":"2018-07-16T10:10:50","guid":{"rendered":"http:\/\/demo.acmethemes.com\/lawyer-zone\/?page_id=40"},"modified":"2018-08-13T13:42:01","modified_gmt":"2018-08-13T13:42:01","slug":"buchhaltung","status":"publish","type":"page","link":"https:\/\/www.ra-siegel.de\/de_de\/buchhaltung\/","title":{"rendered":"Buchhaltung &#038; Steuerrecht"},"content":{"rendered":"<div class=\"catInfo span8\">\n<p>Kleine und mittelst\u00e4ndische Unternehmen k\u00f6nnen \u00fcber die Kanzlei Volker Siegel ihre Buchhaltung auslagern. Volker Siegel ist Bilanzbuchhalter und hatte selbst die Buchhaltung und das Controlling eines Unternehmens als Bilanzbuchhalter verantwortet. Die Kanzlei erstellt die allf\u00e4lligen Steuererkl\u00e4rungen und Bilanzen.<\/p>\n<p>Ein besonderer Schwerpunkt liegt auch in der Unterst\u00fctzung bei Au\u00dfenpr\u00fcfungen und Auseinandersetzungen mit dem Finanzamt vor den Finanz- und Strafgerichten.<\/p>\n<\/div>\n","protected":false},"excerpt":{"rendered":"<p>Kleine und mittelst\u00e4ndische Unternehmen k\u00f6nnen \u00fcber die Kanzlei Volker Siegel ihre Buchhaltung auslagern. Volker Siegel ist Bilanzbuchhalter und hatte selbst die Buchhaltung und das Controlling eines Unternehmens als Bilanzbuchhalter verantwortet. [&hellip;]<\/p>\n","protected":false},"author":1,"featured_media":0,"parent":0,"menu_order":0,"comment_status":"closed","ping_status":"closed","template":"","meta":{"footnotes":""},"class_list":["post-40","page","type-page","status-publish","hentry"],"_links":{"self":[{"href":"https:\/\/www.ra-siegel.de\/de_de\/wp-json\/wp\/v2\/pages\/40","targetHints":{"allow":["GET"]}}],"collection":[{"href":"https:\/\/www.ra-siegel.de\/de_de\/wp-json\/wp\/v2\/pages"}],"about":[{"href":"https:\/\/www.ra-siegel.de\/de_de\/wp-json\/wp\/v2\/types\/page"}],"author":[{"embeddable":true,"href":"https:\/\/www.ra-siegel.de\/de_de\/wp-json\/wp\/v2\/users\/1"}],"replies":[{"embeddable":true,"href":"https:\/\/www.ra-siegel.de\/de_de\/wp-json\/wp\/v2\/comments?post=40"}],"version-history":[{"count":0,"href":"https:\/\/www.ra-siegel.de\/de_de\/wp-json\/wp\/v2\/pages\/40\/revisions"}],"wp:attachment":[{"href":"https:\/\/www.ra-siegel.de\/de_de\/wp-json\/wp\/v2\/media?parent=40"}],"curies":[{"name":"wp","href":"https:\/\/api.w.org\/{rel}","templated":true}]}}