{"id":276,"date":"2018-08-13T10:44:10","date_gmt":"2018-08-13T10:44:10","guid":{"rendered":"http:\/\/neu.ra-siegel.de\/?page_id=276"},"modified":"2018-08-13T13:59:44","modified_gmt":"2018-08-13T13:59:44","slug":"impressum","status":"publish","type":"page","link":"https:\/\/www.ra-siegel.de\/de_de\/impressum\/","title":{"rendered":"Impressum"},"content":{"rendered":"<p><strong><span class=\"m_title\">Kanzlei Siegel<\/span><br \/>\n<span class=\"m_title\"> Inhaber Volker Siegel<\/span><br \/>\n<\/strong>USt. Ident-Nr. DE 208219321<\/p>\n<p><strong>B\u00fcro M\u00fcnchen<\/strong><\/p>\n<p>Sonnenstr. 6 | 80538 M\u00fcnchen<\/p>\n<p>Telefon: 089 \/ 3836 7020<br \/>\nFax: 089 \/ 3836 7021<br \/>\nEmail: info@ra-siegel.de<\/p>\n<p>Die gesetzliche Berufsbezeichnung ist Rechtsanwalt. Die Berufsbezeichnung ist in der Bundesrepublik Deutschland verliehen worden.<\/p>\n<p><strong>Bildquellen<\/strong><\/p>\n<p>freeimages.com<br \/>\nunsplash.com<br \/>\npixabay.com<\/p>\n<p><span class=\"m_title\"><strong>Zust\u00e4ndige Rechtsanwaltskammer<\/strong><\/span> Rechtsanwaltskammer M\u00fcnchen, Tal 33, 80331 M\u00fcnchen.<br \/>\n<strong class=\"m_title\"> Berufsrechtlichen Regelungen<\/strong> Es gelten die folgenden berufsrechtlichen Regelungen, die \u00fcber die Bundesrechtsanwaltskammer zug\u00e4nglich sind:<\/p>\n<ul>\n<li>Bundesrechtsanwaltsordnung \u2013 BRAO<\/li>\n<li>Berufsordnung f\u00fcr Rechtsanw\u00e4lte \u2013 BORA<\/li>\n<li>Rechtsanwaltsverg\u00fctungsgesetz \u2013 RVG<\/li>\n<li>Berufsregeln der Rechtsanw\u00e4lte der Europ\u00e4ischen Gemeinschaft &#8211; CCBE<\/li>\n<li>Gesetz \u00fcber die T\u00e4tigkeit europ\u00e4ischer Rechtsanw\u00e4lte in Deutschland \u2013EuRAG<\/li>\n<\/ul>\n<p><strong class=\"m_title\">Berufshaftpflichtversicherung (gem. DL-InfoV)<\/strong><\/p>\n<p>Bayerische Allianz Haftplfichtvesicherung<\/p>\n<p>Allianz Versicherungs-AG<br \/>\n10900 Berlin<br \/>\nGHV 70\/0457\/7018882\/202<\/p>\n<p>Der r\u00e4umliche Geltungsbereich des Versicherungsschutzes umfa\u00dft T\u00e4tigkeiten in Europa und gen\u00fcgt damit mindestens den Anforderungen gem\u00e4\u00df \u00a7 51 BRAO. Versicherungssumme: 250.000,00 \u20ac<\/p>\n<p><strong class=\"m_title\">Inhaltliche Verantwortung<\/strong>: Anbieter i.S.d. TDG ist RA Volker Siegel, Karl-Theodor-Str. 62, 80803 M\u00fcnchen. Verantwortlich i.S.d. \u00a7 6 (2) MDStV ist RA Volker Siegel, Karl-Theodor-Str. 62, 80803 M\u00fcnchen | USt. Ident-Nr. DE 208219321<\/p>\n<p><strong>Nutzungsrechte und Haftungsausschlu\u00df<\/strong><\/p>\n<p><a href=\"http:\/\/www.disclaimer.de\/disclaimer.htm\" target=\"_blank\" rel=\"noopener noreferrer nofollow\">Hier finden Sie den aktuell g\u00fcltigen rechtlichen Rahmen unserer Online-Publikation.<\/a><\/p>\n<p><strong><span class=\"m_title\">Realisierung &amp; Design<\/span> <\/strong><\/p>\n<p><img loading=\"lazy\" decoding=\"async\" class=\"size-full wp-image-5\" src=\"http:\/\/neu.ra-siegel.de\/wp-content\/uploads\/2013\/05\/logo_gbinteractive.jpg\" alt=\"GBinteractive - Concepts &amp; Solutions for the Web!\" width=\"270\" height=\"64\" \/><\/p>\n<p>&nbsp;<\/p>\n<p>&nbsp;<\/p>\n<p>Liebigstr. 10a | 80538 M\u00fcnchen<\/p>\n<p>089 \/ 1250 32 32<\/p>\n<p><a title=\"GBinteractive!\" href=\"http:\/\/www.gbinteractive.de\" target=\"_blank\" rel=\"noopener noreferrer nofollow\">www.gbinteractive.de<\/a><\/p>\n<p>info@gbinteractive.de<\/p>\n","protected":false},"excerpt":{"rendered":"<p>Kanzlei Siegel Inhaber Volker Siegel USt. Ident-Nr. DE 208219321 B\u00fcro M\u00fcnchen Sonnenstr. 6 | 80538 M\u00fcnchen Telefon: 089 \/ 3836 7020 Fax: 089 \/ 3836 7021 Email: info@ra-siegel.de Die gesetzliche [&hellip;]<\/p>\n","protected":false},"author":1,"featured_media":0,"parent":0,"menu_order":0,"comment_status":"closed","ping_status":"closed","template":"","meta":{"footnotes":""},"class_list":["post-276","page","type-page","status-publish","hentry"],"_links":{"self":[{"href":"https:\/\/www.ra-siegel.de\/de_de\/wp-json\/wp\/v2\/pages\/276","targetHints":{"allow":["GET"]}}],"collection":[{"href":"https:\/\/www.ra-siegel.de\/de_de\/wp-json\/wp\/v2\/pages"}],"about":[{"href":"https:\/\/www.ra-siegel.de\/de_de\/wp-json\/wp\/v2\/types\/page"}],"author":[{"embeddable":true,"href":"https:\/\/www.ra-siegel.de\/de_de\/wp-json\/wp\/v2\/users\/1"}],"replies":[{"embeddable":true,"href":"https:\/\/www.ra-siegel.de\/de_de\/wp-json\/wp\/v2\/comments?post=276"}],"version-history":[{"count":0,"href":"https:\/\/www.ra-siegel.de\/de_de\/wp-json\/wp\/v2\/pages\/276\/revisions"}],"wp:attachment":[{"href":"https:\/\/www.ra-siegel.de\/de_de\/wp-json\/wp\/v2\/media?parent=276"}],"curies":[{"name":"wp","href":"https:\/\/api.w.org\/{rel}","templated":true}]}}