{"id":272,"date":"2018-08-13T10:42:51","date_gmt":"2018-08-13T10:42:51","guid":{"rendered":"http:\/\/neu.ra-siegel.de\/?page_id=272"},"modified":"2019-08-02T10:38:03","modified_gmt":"2019-08-02T10:38:03","slug":"jurist-arbeitsrecht-muenchen-rechtsanwalt","status":"publish","type":"page","link":"https:\/\/www.ra-siegel.de\/de_de\/jurist-arbeitsrecht-muenchen-rechtsanwalt\/","title":{"rendered":"Kanzlei"},"content":{"rendered":"<p class=\"corporate\">Die Kanzlei Siegel wurde <strong>1998 in M\u00fcnchen gegr\u00fcndet<\/strong>.<\/p>\n<p class=\"corporate\">Wir verstehen uns als Ihr <strong>pers\u00f6nlicher Ansprechpartner und Dienstleister in Rechts- und Steuerfragen<\/strong>. Mit Ihnen zusammen erarbeiten wir eine <strong>individuelle L\u00f6sung Ihrer Rechts- und Steuerfragen<\/strong>.<\/p>\n<p class=\"corporate\">Ein Netzwerk kompetenter Partnerkanzleien, Patentanw\u00e4lte, Steuerberater und Wirtschaftspr\u00fcfer steht Ihnen ebenfalls zur Verf\u00fcgung.<\/p>\n<p class=\"corporate\"><strong>Rufen Sie Ihren <a title=\"Nehmen Sie kontakt mit uns auf - Wir beraten Sie auch im Arbeitsrecht kompetent &#038; gerne.\" href=\"kontakt\">Jurist Arbeitsrecht M\u00fcnchen<\/a> an! Wir helfen Ihnen sofort, unkompliziert und kompetent.<\/strong><\/p>\n<p><img loading=\"lazy\" decoding=\"async\" class=\"aligncenter wp-image-377 size-full\" src=\"http:\/\/neu.ra-siegel.de\/wp-content\/uploads\/handshake-2056023_1280.jpg\" alt=\"Jurist Arbeitsrecht M\u00fcnchen\" width=\"1280\" height=\"851\" srcset=\"https:\/\/www.ra-siegel.de\/wp-content\/uploads\/handshake-2056023_1280.jpg 1280w, https:\/\/www.ra-siegel.de\/wp-content\/uploads\/handshake-2056023_1280-768x511.jpg 768w\" sizes=\"auto, (max-width: 1280px) 100vw, 1280px\" \/><\/p>\n<p>&nbsp;<\/p>\n<h2><span style=\"font-size: 14pt;\">Jurist <a href=\"https:\/\/de.wikipedia.org\/wiki\/Arbeitsrecht_%28Deutschland%29\" target=\"_blank\" rel=\"noopener noreferrer nofollow\">Arbeitsrecht<\/a> M\u00fcnchen<\/span><\/h2>\n<p>Ein Schwerpunkt der Kanzlei ist Arbeitsrecht: Rechtsanwalt Siegel ist laufend im Arbeitsrecht t\u00e4tig. Als Mentor f\u00fcr Arbeitsrecht an der Fernuniversit\u00e4t Hagen bildet er nicht nur permanent Studenten mit dem Schwerpunktfach Arbeitsrecht aus, sondern hat auch einen direkten Draht zur Rechtsentwicklung im Arbeitsrecht.<\/p>\n<h2><span style=\"font-size: 14pt;\">K\u00fcndigung Arbeitsvertrag Arbeitnehmer<\/span><\/h2>\n<ul>\n<li>Wir vertreten als Ihr Jurist Arbeitsrecht M\u00fcnchen Arbeitnehmer insbesondere bei K\u00fcndigungenund Lohnklagen: Wir handeln Abfindungsregelungen (Abfindung bei K\u00fcndigung, Abwicklungsvertrag, K\u00fcndigungsschutzklage Abfindung) bei Aufhebungsvertr\u00e4gen aus.<\/li>\n<li>Sofern Sie unter Druck einen Aufhebungsvertrag abgeschlossen haben, fechten wir diesen auch an und sorgen vor Gericht f\u00fcr eine faire L\u00f6sung.<\/li>\n<li>Eine <strong>au\u00dferordentliche K\u00fcndigung<\/strong> k\u00f6nnen wir in vielen F\u00e4llen in eine <strong>ordentliche K\u00fcndigung<\/strong> umwandeln.<\/li>\n<li>Wir entwickeln f\u00fcr Arbeitgeber standardisierte &#8211; und <strong>Individualarbeitsvertr\u00e4ge<\/strong>. Diese werden dann auch an die sich st\u00e4ndig \u00e4ndernde Rechtsprechung der Arbeitsgerichte angepasst.<\/li>\n<li>Arbeitgeber vertreten wir selbstverst\u00e4ndlich ebenfalls bei Prozessen vor Gericht.<\/li>\n<li>Regelm\u00e4\u00dfig <strong>beraten wir Betriebsr\u00e4te<\/strong> und schulen diese auch. Dabei sind die besonderen Belange der Betriebsr\u00e4te selbst zu ber\u00fccksichtigen.<\/li>\n<li>Ein weiterer Schwerpunkt der Arbeit besteht hier in der Begleitung oder Durchf\u00fchrung von <strong>Mediationsverfahren<\/strong>.<\/li>\n<li>Au\u00dferdem beraten wir bei beabsichtigten K\u00fcndigungen und Personalentwicklung.<\/li>\n<\/ul>\n<p>An den M\u00fcnchner Arbeitsgerichten mit seinen Gerichtstagen in Freising, Miesbach und Weilheim sind wir damit st\u00e4ndig pr\u00e4sent. Durch die von uns vertretenen mittelst\u00e4ndischen Unternehmen sind wir auch vor den Arbeitsgerichten Augsburg, u.a. mit dem Gerichtstag Neu-Ulm, aber auch Kempten und N\u00fcrnberg sowie Stuttgart und Ulm t\u00e4tig. Mit unseren arbeitsrechtlichen Kollegen aus dem bestehenden Netzwerk k\u00f6nnen wir jedes weitere Arbeitsgericht mit hochqualifizierten Kollegen als Vertreter Ihrer berechtigten Anspr\u00fcche beauftragen. Kanzlei Siegel &#8211; Ihr <a href=\"http:\/\/kontakt\" rel=\"nofollow\">Jurist Arbeitsrecht M\u00fcnchen<\/a>.<\/p>\n","protected":false},"excerpt":{"rendered":"<p>Die Kanzlei Siegel wurde 1998 in M\u00fcnchen gegr\u00fcndet. Wir verstehen uns als Ihr pers\u00f6nlicher Ansprechpartner und Dienstleister in Rechts- und Steuerfragen. Mit Ihnen zusammen erarbeiten wir eine individuelle L\u00f6sung Ihrer [&hellip;]<\/p>\n","protected":false},"author":1,"featured_media":0,"parent":0,"menu_order":0,"comment_status":"closed","ping_status":"closed","template":"","meta":{"footnotes":""},"class_list":["post-272","page","type-page","status-publish","hentry"],"_links":{"self":[{"href":"https:\/\/www.ra-siegel.de\/de_de\/wp-json\/wp\/v2\/pages\/272","targetHints":{"allow":["GET"]}}],"collection":[{"href":"https:\/\/www.ra-siegel.de\/de_de\/wp-json\/wp\/v2\/pages"}],"about":[{"href":"https:\/\/www.ra-siegel.de\/de_de\/wp-json\/wp\/v2\/types\/page"}],"author":[{"embeddable":true,"href":"https:\/\/www.ra-siegel.de\/de_de\/wp-json\/wp\/v2\/users\/1"}],"replies":[{"embeddable":true,"href":"https:\/\/www.ra-siegel.de\/de_de\/wp-json\/wp\/v2\/comments?post=272"}],"version-history":[{"count":0,"href":"https:\/\/www.ra-siegel.de\/de_de\/wp-json\/wp\/v2\/pages\/272\/revisions"}],"wp:attachment":[{"href":"https:\/\/www.ra-siegel.de\/de_de\/wp-json\/wp\/v2\/media?parent=272"}],"curies":[{"name":"wp","href":"https:\/\/api.w.org\/{rel}","templated":true}]}}