{"id":9,"date":"2018-07-16T09:08:23","date_gmt":"2018-07-16T09:08:23","guid":{"rendered":"http:\/\/demo.acmethemes.com\/lawyer-zone\/?page_id=9"},"modified":"2019-08-02T10:31:28","modified_gmt":"2019-08-02T10:31:28","slug":"aktuelles","status":"publish","type":"page","link":"http:\/\/www.ra-siegel.de\/de_de\/aktuelles\/","title":{"rendered":"Aktuelles"},"content":{"rendered":"<p><style>.wp-show-posts-columns#wpsp-499 {margin-left: -2em; }.wp-show-posts-columns#wpsp-499 .wp-show-posts-inner {margin: 0 0 2em 2em; }<\/style><section id=\"wpsp-499\" class=\" wp-show-posts\" style=\"\"><article class=\" wp-show-posts-single wpsp-clearfix post-299 post type-post status-publish format-standard has-post-thumbnail hentry category-aktuelles\" itemtype=\"http:\/\/schema.org\/CreativeWork\" itemscope><div class=\"wp-show-posts-inner\" style=\"\">\t\t\t\t\t\t<header class=\"wp-show-posts-entry-header\">\n\t\t\t\t\t\t\t<h2 class=\"wp-show-posts-entry-title\" itemprop=\"headline\"><a href=\"http:\/\/www.ra-siegel.de\/de_de\/banken-muessen-darlehensgebuehren-an-ihre-kunden-zurueck-zahlen\/\" rel=\"bookmark\">Banken m\u00fcssen Darlehensgeb\u00fchren an ihre Kunden zur\u00fcck zahlen (BGH, XI ZR 348\/ 13 und BGH, XI ZR 17\/14)<\/a><\/h2>\t\t\t\t\t\t<\/header><!-- .entry-header -->\n\t\t\t\t\t\t\t<div class=\"wp-show-posts-image  wpsp-image-center \">\n\t\t\t<a href=\"http:\/\/www.ra-siegel.de\/de_de\/banken-muessen-darlehensgebuehren-an-ihre-kunden-zurueck-zahlen\/\" title=\"Banken m\u00fcssen Darlehensgeb\u00fchren an ihre Kunden zur\u00fcck zahlen (BGH, XI ZR 348\/ 13 und BGH, XI ZR 17\/14)\"><img loading=\"lazy\" decoding=\"async\" width=\"1280\" height=\"720\" src=\"https:\/\/www.ra-siegel.de\/wp-content\/uploads\/Schulden_1534158058.jpg\" class=\"attachment-full size-full wp-post-image\" alt=\"\" itemprop=\"image\" srcset=\"https:\/\/www.ra-siegel.de\/wp-content\/uploads\/Schulden_1534158058.jpg 1280w, https:\/\/www.ra-siegel.de\/wp-content\/uploads\/Schulden_1534158058-768x432.jpg 768w\" sizes=\"auto, (max-width: 1280px) 100vw, 1280px\" \/><\/a>\t\t<\/div>\n\t\t\t\t\t\t\t\t<div class=\"wp-show-posts-entry-summary\" itemprop=\"text\">\n\t\t\t\t\t\t\t<p>Der BGH hat in zwei Urteilen festgestellt, dass Darlehensgeb\u00fchren rechtswidrig sind. Das d\u00fcrfte bekannt sein. Nicht so einfach und bekannt ist aber, wie diese Darlehensgeb\u00fchren zur\u00fcckgefordert werden k\u00f6nnen. Was bedeutet&#8230;<\/p>\n\t\t\t\t\t\t<\/div><!-- .entry-summary -->\n\t\t\t\t\t<div class=\"wpsp-read-more\"><a title=\"Banken m\u00fcssen Darlehensgeb\u00fchren an ihre Kunden zur\u00fcck zahlen (BGH, XI ZR 348\/ 13 und BGH, XI ZR 17\/14)\" class=\"wp-show-posts-read-more\" href=\"http:\/\/www.ra-siegel.de\/de_de\/banken-muessen-darlehensgebuehren-an-ihre-kunden-zurueck-zahlen\/\">Mehr lesen...<\/a><\/div><\/div><!-- wp-show-posts-inner --><div class=\"wpsp-clear\"><\/div><\/article><article class=\" wp-show-posts-single wpsp-clearfix post-296 post type-post status-publish format-standard has-post-thumbnail hentry category-aktuelles\" itemtype=\"http:\/\/schema.org\/CreativeWork\" itemscope><div class=\"wp-show-posts-inner\" style=\"\">\t\t\t\t\t\t<header class=\"wp-show-posts-entry-header\">\n\t\t\t\t\t\t\t<h2 class=\"wp-show-posts-entry-title\" itemprop=\"headline\"><a href=\"http:\/\/www.ra-siegel.de\/de_de\/grundrechte-eugh-kippt-eu-richtlinie-zur-vorratsdatenspeicherung\/\" rel=\"bookmark\">Grundrechte: EuGH kippt EU-Richtlinie zur Vorratsdatenspeicherung<\/a><\/h2>\t\t\t\t\t\t<\/header><!-- .entry-header -->\n\t\t\t\t\t\t\t<div class=\"wp-show-posts-image  wpsp-image-center \">\n\t\t\t<a href=\"http:\/\/www.ra-siegel.de\/de_de\/grundrechte-eugh-kippt-eu-richtlinie-zur-vorratsdatenspeicherung\/\" title=\"Grundrechte: EuGH kippt EU-Richtlinie zur Vorratsdatenspeicherung\"><img loading=\"lazy\" decoding=\"async\" width=\"1280\" height=\"720\" src=\"https:\/\/www.ra-siegel.de\/wp-content\/uploads\/server_1534157940.jpg\" class=\"attachment-full size-full wp-post-image\" alt=\"\" itemprop=\"image\" srcset=\"https:\/\/www.ra-siegel.de\/wp-content\/uploads\/server_1534157940.jpg 1280w, https:\/\/www.ra-siegel.de\/wp-content\/uploads\/server_1534157940-768x432.jpg 768w\" sizes=\"auto, (max-width: 1280px) 100vw, 1280px\" \/><\/a>\t\t<\/div>\n\t\t\t\t\t\t\t\t<div class=\"wp-show-posts-entry-summary\" itemprop=\"text\">\n\t\t\t\t\t\t\t<p>Die EU-Richtlinie zur Vorratsdatenspeicherung verst\u00f6\u00dft gegen die Grundrechte. Der Europ\u00e4ische Gerichtshof hat die Richtlinie aufgehoben, wonach alle B\u00fcrger ohne konkreten Verdacht \u00fcberwacht werden. Die Ma\u00dfnahme m\u00fcsse auf das Notwendigste beschr\u00e4nkt&#8230;<\/p>\n\t\t\t\t\t\t<\/div><!-- .entry-summary -->\n\t\t\t\t\t<div class=\"wpsp-read-more\"><a title=\"Grundrechte: EuGH kippt EU-Richtlinie zur Vorratsdatenspeicherung\" class=\"wp-show-posts-read-more\" href=\"http:\/\/www.ra-siegel.de\/de_de\/grundrechte-eugh-kippt-eu-richtlinie-zur-vorratsdatenspeicherung\/\">Mehr lesen...<\/a><\/div><\/div><!-- wp-show-posts-inner --><div class=\"wpsp-clear\"><\/div><\/article><article class=\" wp-show-posts-single wpsp-clearfix post-293 post type-post status-publish format-standard has-post-thumbnail hentry category-aktuelles\" itemtype=\"http:\/\/schema.org\/CreativeWork\" itemscope><div class=\"wp-show-posts-inner\" style=\"\">\t\t\t\t\t\t<header class=\"wp-show-posts-entry-header\">\n\t\t\t\t\t\t\t<h2 class=\"wp-show-posts-entry-title\" itemprop=\"headline\"><a href=\"http:\/\/www.ra-siegel.de\/de_de\/suchmaschinen-muessen-z-t-netzinhalte-loeschen\/\" rel=\"bookmark\">Suchmaschinen m\u00fcssen z.T. Netzinhalte l\u00f6schen<\/a><\/h2>\t\t\t\t\t\t<\/header><!-- .entry-header -->\n\t\t\t\t\t\t\t<div class=\"wp-show-posts-image  wpsp-image-center \">\n\t\t\t<a href=\"http:\/\/www.ra-siegel.de\/de_de\/suchmaschinen-muessen-z-t-netzinhalte-loeschen\/\" title=\"Suchmaschinen m\u00fcssen z.T. Netzinhalte l\u00f6schen\"><img loading=\"lazy\" decoding=\"async\" width=\"1280\" height=\"854\" src=\"https:\/\/www.ra-siegel.de\/wp-content\/uploads\/Search_engine_1534157868.jpg\" class=\"attachment-full size-full wp-post-image\" alt=\"\" itemprop=\"image\" srcset=\"https:\/\/www.ra-siegel.de\/wp-content\/uploads\/Search_engine_1534157868.jpg 1280w, https:\/\/www.ra-siegel.de\/wp-content\/uploads\/Search_engine_1534157868-768x512.jpg 768w\" sizes=\"auto, (max-width: 1280px) 100vw, 1280px\" \/><\/a>\t\t<\/div>\n\t\t\t\t\t\t\t\t<div class=\"wp-show-posts-entry-summary\" itemprop=\"text\">\n\t\t\t\t\t\t\t<p>Suchmaschinenbetreiber sind unter bestimmten Umst\u00e4nden verpflichtet, Daten nicht mehr zug\u00e4nglich zu machen. Der EuGH entschied heute sensationell eine derartige L\u00f6schungspflicht. Dabei kommt es ausdr\u00fccklich nicht darauf an, ob die Server,&#8230;<\/p>\n\t\t\t\t\t\t<\/div><!-- .entry-summary -->\n\t\t\t\t\t<div class=\"wpsp-read-more\"><a title=\"Suchmaschinen m\u00fcssen z.T. Netzinhalte l\u00f6schen\" class=\"wp-show-posts-read-more\" href=\"http:\/\/www.ra-siegel.de\/de_de\/suchmaschinen-muessen-z-t-netzinhalte-loeschen\/\">Mehr lesen...<\/a><\/div><\/div><!-- wp-show-posts-inner --><div class=\"wpsp-clear\"><\/div><\/article><\/section><!-- .wp-show-posts --><style>.wp-show-posts-columns#wpsp-499 {margin-left: -2em; }.wp-show-posts-columns#wpsp-499 .wp-show-posts-inner {margin: 0 0 2em 2em; }<\/style><section id=\"wpsp-499\" class=\" wp-show-posts\" style=\"\"><article class=\" wp-show-posts-single wpsp-clearfix post-299 post type-post status-publish format-standard has-post-thumbnail hentry category-aktuelles\" itemtype=\"http:\/\/schema.org\/CreativeWork\" itemscope><div class=\"wp-show-posts-inner\" style=\"\">\t\t\t\t\t\t<header class=\"wp-show-posts-entry-header\">\n\t\t\t\t\t\t\t<h2 class=\"wp-show-posts-entry-title\" itemprop=\"headline\"><a href=\"http:\/\/www.ra-siegel.de\/de_de\/banken-muessen-darlehensgebuehren-an-ihre-kunden-zurueck-zahlen\/\" rel=\"bookmark\">Banken m\u00fcssen Darlehensgeb\u00fchren an ihre Kunden zur\u00fcck zahlen (BGH, XI ZR 348\/ 13 und BGH, XI ZR 17\/14)<\/a><\/h2>\t\t\t\t\t\t<\/header><!-- .entry-header -->\n\t\t\t\t\t\t\t<div class=\"wp-show-posts-image  wpsp-image-center \">\n\t\t\t<a href=\"http:\/\/www.ra-siegel.de\/de_de\/banken-muessen-darlehensgebuehren-an-ihre-kunden-zurueck-zahlen\/\" title=\"Banken m\u00fcssen Darlehensgeb\u00fchren an ihre Kunden zur\u00fcck zahlen (BGH, XI ZR 348\/ 13 und BGH, XI ZR 17\/14)\"><img loading=\"lazy\" decoding=\"async\" width=\"1280\" height=\"720\" src=\"https:\/\/www.ra-siegel.de\/wp-content\/uploads\/Schulden_1534158058.jpg\" class=\"attachment-full size-full wp-post-image\" alt=\"\" itemprop=\"image\" srcset=\"https:\/\/www.ra-siegel.de\/wp-content\/uploads\/Schulden_1534158058.jpg 1280w, https:\/\/www.ra-siegel.de\/wp-content\/uploads\/Schulden_1534158058-768x432.jpg 768w\" sizes=\"auto, (max-width: 1280px) 100vw, 1280px\" \/><\/a>\t\t<\/div>\n\t\t\t\t\t\t\t\t<div class=\"wp-show-posts-entry-summary\" itemprop=\"text\">\n\t\t\t\t\t\t\t<p>Der BGH hat in zwei Urteilen festgestellt, dass Darlehensgeb\u00fchren rechtswidrig sind. Das d\u00fcrfte bekannt sein. Nicht so einfach und bekannt ist aber, wie diese Darlehensgeb\u00fchren zur\u00fcckgefordert werden k\u00f6nnen. Was bedeutet&#8230;<\/p>\n\t\t\t\t\t\t<\/div><!-- .entry-summary -->\n\t\t\t\t\t<div class=\"wpsp-read-more\"><a title=\"Banken m\u00fcssen Darlehensgeb\u00fchren an ihre Kunden zur\u00fcck zahlen (BGH, XI ZR 348\/ 13 und BGH, XI ZR 17\/14)\" class=\"wp-show-posts-read-more\" href=\"http:\/\/www.ra-siegel.de\/de_de\/banken-muessen-darlehensgebuehren-an-ihre-kunden-zurueck-zahlen\/\">Mehr lesen...<\/a><\/div><\/div><!-- wp-show-posts-inner --><div class=\"wpsp-clear\"><\/div><\/article><article class=\" wp-show-posts-single wpsp-clearfix post-296 post type-post status-publish format-standard has-post-thumbnail hentry category-aktuelles\" itemtype=\"http:\/\/schema.org\/CreativeWork\" itemscope><div class=\"wp-show-posts-inner\" style=\"\">\t\t\t\t\t\t<header class=\"wp-show-posts-entry-header\">\n\t\t\t\t\t\t\t<h2 class=\"wp-show-posts-entry-title\" itemprop=\"headline\"><a href=\"http:\/\/www.ra-siegel.de\/de_de\/grundrechte-eugh-kippt-eu-richtlinie-zur-vorratsdatenspeicherung\/\" rel=\"bookmark\">Grundrechte: EuGH kippt EU-Richtlinie zur Vorratsdatenspeicherung<\/a><\/h2>\t\t\t\t\t\t<\/header><!-- .entry-header -->\n\t\t\t\t\t\t\t<div class=\"wp-show-posts-image  wpsp-image-center \">\n\t\t\t<a href=\"http:\/\/www.ra-siegel.de\/de_de\/grundrechte-eugh-kippt-eu-richtlinie-zur-vorratsdatenspeicherung\/\" title=\"Grundrechte: EuGH kippt EU-Richtlinie zur Vorratsdatenspeicherung\"><img loading=\"lazy\" decoding=\"async\" width=\"1280\" height=\"720\" src=\"https:\/\/www.ra-siegel.de\/wp-content\/uploads\/server_1534157940.jpg\" class=\"attachment-full size-full wp-post-image\" alt=\"\" itemprop=\"image\" srcset=\"https:\/\/www.ra-siegel.de\/wp-content\/uploads\/server_1534157940.jpg 1280w, https:\/\/www.ra-siegel.de\/wp-content\/uploads\/server_1534157940-768x432.jpg 768w\" sizes=\"auto, (max-width: 1280px) 100vw, 1280px\" \/><\/a>\t\t<\/div>\n\t\t\t\t\t\t\t\t<div class=\"wp-show-posts-entry-summary\" itemprop=\"text\">\n\t\t\t\t\t\t\t<p>Die EU-Richtlinie zur Vorratsdatenspeicherung verst\u00f6\u00dft gegen die Grundrechte. Der Europ\u00e4ische Gerichtshof hat die Richtlinie aufgehoben, wonach alle B\u00fcrger ohne konkreten Verdacht \u00fcberwacht werden. Die Ma\u00dfnahme m\u00fcsse auf das Notwendigste beschr\u00e4nkt&#8230;<\/p>\n\t\t\t\t\t\t<\/div><!-- .entry-summary -->\n\t\t\t\t\t<div class=\"wpsp-read-more\"><a title=\"Grundrechte: EuGH kippt EU-Richtlinie zur Vorratsdatenspeicherung\" class=\"wp-show-posts-read-more\" href=\"http:\/\/www.ra-siegel.de\/de_de\/grundrechte-eugh-kippt-eu-richtlinie-zur-vorratsdatenspeicherung\/\">Mehr lesen...<\/a><\/div><\/div><!-- wp-show-posts-inner --><div class=\"wpsp-clear\"><\/div><\/article><article class=\" wp-show-posts-single wpsp-clearfix post-293 post type-post status-publish format-standard has-post-thumbnail hentry category-aktuelles\" itemtype=\"http:\/\/schema.org\/CreativeWork\" itemscope><div class=\"wp-show-posts-inner\" style=\"\">\t\t\t\t\t\t<header class=\"wp-show-posts-entry-header\">\n\t\t\t\t\t\t\t<h2 class=\"wp-show-posts-entry-title\" itemprop=\"headline\"><a href=\"http:\/\/www.ra-siegel.de\/de_de\/suchmaschinen-muessen-z-t-netzinhalte-loeschen\/\" rel=\"bookmark\">Suchmaschinen m\u00fcssen z.T. Netzinhalte l\u00f6schen<\/a><\/h2>\t\t\t\t\t\t<\/header><!-- .entry-header -->\n\t\t\t\t\t\t\t<div class=\"wp-show-posts-image  wpsp-image-center \">\n\t\t\t<a href=\"http:\/\/www.ra-siegel.de\/de_de\/suchmaschinen-muessen-z-t-netzinhalte-loeschen\/\" title=\"Suchmaschinen m\u00fcssen z.T. Netzinhalte l\u00f6schen\"><img loading=\"lazy\" decoding=\"async\" width=\"1280\" height=\"854\" src=\"https:\/\/www.ra-siegel.de\/wp-content\/uploads\/Search_engine_1534157868.jpg\" class=\"attachment-full size-full wp-post-image\" alt=\"\" itemprop=\"image\" srcset=\"https:\/\/www.ra-siegel.de\/wp-content\/uploads\/Search_engine_1534157868.jpg 1280w, https:\/\/www.ra-siegel.de\/wp-content\/uploads\/Search_engine_1534157868-768x512.jpg 768w\" sizes=\"auto, (max-width: 1280px) 100vw, 1280px\" \/><\/a>\t\t<\/div>\n\t\t\t\t\t\t\t\t<div class=\"wp-show-posts-entry-summary\" itemprop=\"text\">\n\t\t\t\t\t\t\t<p>Suchmaschinenbetreiber sind unter bestimmten Umst\u00e4nden verpflichtet, Daten nicht mehr zug\u00e4nglich zu machen. Der EuGH entschied heute sensationell eine derartige L\u00f6schungspflicht. Dabei kommt es ausdr\u00fccklich nicht darauf an, ob die Server,&#8230;<\/p>\n\t\t\t\t\t\t<\/div><!-- .entry-summary -->\n\t\t\t\t\t<div class=\"wpsp-read-more\"><a title=\"Suchmaschinen m\u00fcssen z.T. Netzinhalte l\u00f6schen\" class=\"wp-show-posts-read-more\" href=\"http:\/\/www.ra-siegel.de\/de_de\/suchmaschinen-muessen-z-t-netzinhalte-loeschen\/\">Mehr lesen...<\/a><\/div><\/div><!-- wp-show-posts-inner --><div class=\"wpsp-clear\"><\/div><\/article><\/section><!-- .wp-show-posts --><\/p>\n","protected":false},"excerpt":{"rendered":"","protected":false},"author":1,"featured_media":0,"parent":0,"menu_order":0,"comment_status":"closed","ping_status":"closed","template":"","meta":{"footnotes":""},"class_list":["post-9","page","type-page","status-publish","hentry"],"_links":{"self":[{"href":"http:\/\/www.ra-siegel.de\/de_de\/wp-json\/wp\/v2\/pages\/9","targetHints":{"allow":["GET"]}}],"collection":[{"href":"http:\/\/www.ra-siegel.de\/de_de\/wp-json\/wp\/v2\/pages"}],"about":[{"href":"http:\/\/www.ra-siegel.de\/de_de\/wp-json\/wp\/v2\/types\/page"}],"author":[{"embeddable":true,"href":"http:\/\/www.ra-siegel.de\/de_de\/wp-json\/wp\/v2\/users\/1"}],"replies":[{"embeddable":true,"href":"http:\/\/www.ra-siegel.de\/de_de\/wp-json\/wp\/v2\/comments?post=9"}],"version-history":[{"count":0,"href":"http:\/\/www.ra-siegel.de\/de_de\/wp-json\/wp\/v2\/pages\/9\/revisions"}],"wp:attachment":[{"href":"http:\/\/www.ra-siegel.de\/de_de\/wp-json\/wp\/v2\/media?parent=9"}],"curies":[{"name":"wp","href":"https:\/\/api.w.org\/{rel}","templated":true}]}}