{"id":28,"date":"2018-07-16T10:08:11","date_gmt":"2018-07-16T10:08:11","guid":{"rendered":"http:\/\/demo.acmethemes.com\/lawyer-zone\/?page_id=28"},"modified":"2018-08-13T10:07:02","modified_gmt":"2018-08-13T10:07:02","slug":"individuelle-beratung","status":"publish","type":"page","link":"http:\/\/www.ra-siegel.de\/de_de\/individuelle-beratung\/","title":{"rendered":"Individuelle Beratung"},"content":{"rendered":"<p>Mit Ihnen zusammen erarbeiten wir eine individuelle L\u00f6sung Ihrer Rechts- und Steuerfragen. Ein Netzwerk kompetenter Partnerkanzleien, Patentanw\u00e4lte, Steuerberater und Wirtschaftspr\u00fcfer steht Ihnen ebenfalls zur Verf\u00fcgung.<\/p>\n","protected":false},"excerpt":{"rendered":"<p>Mit Ihnen zusammen erarbeiten wir eine individuelle L\u00f6sung Ihrer Rechts- und Steuerfragen. Ein Netzwerk kompetenter Partnerkanzleien, Patentanw\u00e4lte, Steuerberater und Wirtschaftspr\u00fcfer steht Ihnen ebenfalls zur Verf\u00fcgung.<\/p>\n","protected":false},"author":1,"featured_media":0,"parent":0,"menu_order":0,"comment_status":"closed","ping_status":"closed","template":"","meta":{"footnotes":""},"class_list":["post-28","page","type-page","status-publish","hentry"],"_links":{"self":[{"href":"http:\/\/www.ra-siegel.de\/de_de\/wp-json\/wp\/v2\/pages\/28","targetHints":{"allow":["GET"]}}],"collection":[{"href":"http:\/\/www.ra-siegel.de\/de_de\/wp-json\/wp\/v2\/pages"}],"about":[{"href":"http:\/\/www.ra-siegel.de\/de_de\/wp-json\/wp\/v2\/types\/page"}],"author":[{"embeddable":true,"href":"http:\/\/www.ra-siegel.de\/de_de\/wp-json\/wp\/v2\/users\/1"}],"replies":[{"embeddable":true,"href":"http:\/\/www.ra-siegel.de\/de_de\/wp-json\/wp\/v2\/comments?post=28"}],"version-history":[{"count":0,"href":"http:\/\/www.ra-siegel.de\/de_de\/wp-json\/wp\/v2\/pages\/28\/revisions"}],"wp:attachment":[{"href":"http:\/\/www.ra-siegel.de\/de_de\/wp-json\/wp\/v2\/media?parent=28"}],"curies":[{"name":"wp","href":"https:\/\/api.w.org\/{rel}","templated":true}]}}