{"id":20885,"date":"2025-05-19T10:27:30","date_gmt":"2025-05-19T10:27:30","guid":{"rendered":"https:\/\/www.ra-siegel.de\/?page_id=20885"},"modified":"2025-05-19T11:33:45","modified_gmt":"2025-05-19T11:33:45","slug":"systemische-beratung","status":"publish","type":"page","link":"http:\/\/www.ra-siegel.de\/de_de\/systemische-beratung\/","title":{"rendered":"Systemische Beratung"},"content":{"rendered":"<p>Menschen leben in vielf\u00e4ltigen Rollen zusammen und kommunizieren auf unterschiedliche Weise miteinander. Systemische Beratung setzt genau an dieser Stelle an.<\/p>\n<p>Sie zeigt Menschen, welche F\u00e4higkeiten und Ressourcen sie haben. Sie unterst\u00fctzt sie, die f\u00fcr sie richtigen Entscheidungen zu treffen. Sie hilft ihnen, ihren f\u00fcr sie richtigen Weg zu finden und damit ihre Herausforderungen zu meistern und selbst gesteckten Ziele zu erreichen.<\/p>\n<p><img loading=\"lazy\" decoding=\"async\" class=\"size-full wp-image-20907 alignnone\" src=\"https:\/\/www.ra-siegel.de\/wp-content\/uploads\/hands-9486574_1280.jpg\" alt=\"\" width=\"1280\" height=\"894\" srcset=\"https:\/\/www.ra-siegel.de\/wp-content\/uploads\/hands-9486574_1280.jpg 1280w, https:\/\/www.ra-siegel.de\/wp-content\/uploads\/hands-9486574_1280-768x536.jpg 768w\" sizes=\"auto, (max-width: 1280px) 100vw, 1280px\" \/><\/p>\n<p>Systemische Beratung geht davon aus, dass jede Erfahrung eines Menschen, auch wenn sie zun\u00e4chst \u00e4u\u00dferst herausfordernd war, diesem auch Fertigkeiten mitgegeben hat, die ihn f\u00fcr sein weiteres Leben Nutzen bringt.<\/p>\n<p>Systemische Beratung geht davon aus, dass jeder Mensch f\u00e4hig ist, sein Leben selbst und selbstbestimmt f\u00fchren kann. Dass jeder Mensch sich entwickeln kann und darf. Sie geht davon aus, dass jeder Mensch in Systemen mit anderen Menschen lebt und dass Konflikte ganzheitlich gel\u00f6st werden k\u00f6nnen.<\/p>\n<p>Volker Siegel hat von 2022 bis 2025 den Lehrgang zum systemischen Berater beim IFW (DSFG zertifiziert) absolviert. Seit 2024 ber\u00e4t er als Systemischer Berater Einzelpersonen in deren t\u00e4glichen Herausforderungen. Er ber\u00e4t au\u00dferdem Betriebsr\u00e4te und Unternehmen als Systemischer Berater bei deren Konflikten.<\/p>\n","protected":false},"excerpt":{"rendered":"<p>Menschen leben in vielf\u00e4ltigen Rollen zusammen und kommunizieren auf unterschiedliche Weise miteinander. Systemische Beratung setzt genau an dieser Stelle an. Sie zeigt Menschen, welche F\u00e4higkeiten und Ressourcen sie haben. Sie [&hellip;]<\/p>\n","protected":false},"author":1,"featured_media":0,"parent":0,"menu_order":0,"comment_status":"closed","ping_status":"closed","template":"","meta":{"footnotes":""},"class_list":["post-20885","page","type-page","status-publish","hentry"],"_links":{"self":[{"href":"http:\/\/www.ra-siegel.de\/de_de\/wp-json\/wp\/v2\/pages\/20885","targetHints":{"allow":["GET"]}}],"collection":[{"href":"http:\/\/www.ra-siegel.de\/de_de\/wp-json\/wp\/v2\/pages"}],"about":[{"href":"http:\/\/www.ra-siegel.de\/de_de\/wp-json\/wp\/v2\/types\/page"}],"author":[{"embeddable":true,"href":"http:\/\/www.ra-siegel.de\/de_de\/wp-json\/wp\/v2\/users\/1"}],"replies":[{"embeddable":true,"href":"http:\/\/www.ra-siegel.de\/de_de\/wp-json\/wp\/v2\/comments?post=20885"}],"version-history":[{"count":3,"href":"http:\/\/www.ra-siegel.de\/de_de\/wp-json\/wp\/v2\/pages\/20885\/revisions"}],"predecessor-version":[{"id":20909,"href":"http:\/\/www.ra-siegel.de\/de_de\/wp-json\/wp\/v2\/pages\/20885\/revisions\/20909"}],"wp:attachment":[{"href":"http:\/\/www.ra-siegel.de\/de_de\/wp-json\/wp\/v2\/media?parent=20885"}],"curies":[{"name":"wp","href":"https:\/\/api.w.org\/{rel}","templated":true}]}}